{"id":337,"date":"2019-06-18T11:46:02","date_gmt":"2019-06-18T11:46:02","guid":{"rendered":"https:\/\/demo.everestthemes.com\/gucherry\/?page_id=337"},"modified":"2024-08-15T20:29:57","modified_gmt":"2024-08-15T18:29:57","slug":"kontakt","status":"publish","type":"page","link":"https:\/\/kancelariawilczynski.pl\/index.php\/kontakt\/","title":{"rendered":"Kontakt"},"content":{"rendered":"\n<hr class=\"wp-block-separator has-css-opacity\"\/>\n\n\n\n<div style=\"height:50px\" aria-hidden=\"true\" class=\"wp-block-spacer\"><\/div>\n\n\n\n<p class=\"has-drop-cap\"><em>Zapraszam do kontaktu<\/em>. <em>Ch\u0119tnie porozmawiam z Pa\u0144stwem i podziel\u0119 si\u0119 swoj\u0105 wiedz\u0105 i do\u015bwiadczeniem.<\/em> <\/p>\n\n\n\n<p>   <\/p>\n\n\n\n<p> <\/p>\n\n\n\n<p> <\/p>\n\n\n\n<p>           Spotkania w kancelarii odbywaj\u0105 si\u0119 po wcze\u015bniejszym uzgodnieniu terminu telefonicznie.<\/p>\n\n\n\n<p><strong>Godziny otwarcia:<\/strong><br>Poniedzia\u0142ek &#8211; Pi\u0105tek: 9:00 &#8211; 16:00<br>(Mo\u017cliwo\u015b\u0107 um\u00f3wienia spotkania poza standardowymi godzinami pracy po wcze\u015bniejszym uzgodnieniu).<\/p>\n\n\n\n<p><\/p>\n\n\n\n<p><\/p>\n\n\n\n<p><\/p>\n\n\n\n<p><\/p>\n\n\n\n<p>Dawid Wilczy\u0144ski<\/p>\n\n\n\n<div class=\"wp-block-columns has-2-columns is-layout-flex wp-container-core-columns-is-layout-9d6595d7 wp-block-columns-is-layout-flex\">\n<div class=\"wp-block-column is-layout-flow wp-block-column-is-layout-flow\">\n<br><br><br><p><b>Kancelaria Radcy Prawnego \nDawid Wilczy\u0144ski<\/b><br>Adres: ul. G\u0142owackiego 10\/3, \n75-402 Koszalin<br><br>E-mail: kontakt@kancelariawilczynski.pl <br>Tel: +48 534 545 485<br>NIP: 558 180 05 83\n<\/p>\n<\/div>\n<\/div>\n","protected":false},"excerpt":{"rendered":"<p>Zapraszam do kontaktu. Ch\u0119tnie porozmawiam z Pa\u0144stwem i podziel\u0119 si\u0119 swoj\u0105 wiedz\u0105 i do\u015bwiadczeniem. Spotkania w kancelarii odbywaj\u0105 si\u0119 po wcze\u015bniejszym uzgodnieniu terminu telefonicznie. Godziny otwarcia:Poniedzia\u0142ek &#8211; Pi\u0105tek: 9:00 &#8211; 16:00(Mo\u017cliwo\u015b\u0107 um\u00f3wienia spotkania poza&#8230;<\/p>\n","protected":false},"author":1,"featured_media":0,"parent":0,"menu_order":0,"comment_status":"closed","ping_status":"closed","template":"","meta":{"footnotes":""},"class_list":["post-337","page","type-page","status-publish","hentry"],"_links":{"self":[{"href":"https:\/\/kancelariawilczynski.pl\/index.php\/wp-json\/wp\/v2\/pages\/337","targetHints":{"allow":["GET"]}}],"collection":[{"href":"https:\/\/kancelariawilczynski.pl\/index.php\/wp-json\/wp\/v2\/pages"}],"about":[{"href":"https:\/\/kancelariawilczynski.pl\/index.php\/wp-json\/wp\/v2\/types\/page"}],"author":[{"embeddable":true,"href":"https:\/\/kancelariawilczynski.pl\/index.php\/wp-json\/wp\/v2\/users\/1"}],"replies":[{"embeddable":true,"href":"https:\/\/kancelariawilczynski.pl\/index.php\/wp-json\/wp\/v2\/comments?post=337"}],"version-history":[{"count":10,"href":"https:\/\/kancelariawilczynski.pl\/index.php\/wp-json\/wp\/v2\/pages\/337\/revisions"}],"predecessor-version":[{"id":541,"href":"https:\/\/kancelariawilczynski.pl\/index.php\/wp-json\/wp\/v2\/pages\/337\/revisions\/541"}],"wp:attachment":[{"href":"https:\/\/kancelariawilczynski.pl\/index.php\/wp-json\/wp\/v2\/media?parent=337"}],"curies":[{"name":"wp","href":"https:\/\/api.w.org\/{rel}","templated":true}]}}