{"id":15,"date":"2019-05-22T11:15:11","date_gmt":"2019-05-22T11:15:11","guid":{"rendered":"https:\/\/demo.everestthemes.com\/gucherry\/?page_id=15"},"modified":"2024-08-15T20:16:36","modified_gmt":"2024-08-15T18:16:36","slug":"o-kancelarii","status":"publish","type":"page","link":"https:\/\/kancelariawilczynski.pl\/index.php\/o-kancelarii\/","title":{"rendered":"O kancelarii"},"content":{"rendered":"\n<p>Kancelaria Radcy Prawnego Dawid Wilczy\u0144ski to nowoczesna kancelaria oferuj\u0105ca szeroki zakres us\u0142ug prawnych zar\u00f3wno dla os\u00f3b prywatnych, jak i firm. Kancelaria specjalizuje si\u0119 w prawie cywilnym, karnym, rodzinnym, gospodarczym oraz w zakresie szeroko rozumianego prawa medycznego. Posiadam bogate do\u015bwiadczenia w sprawach dyscyplinarnych przed okr\u0119gowymi izbami lekarskimi. Reprezentuje zar\u00f3wno pokrzywdzonych, jak i lekarzy kt\u00f3rych dotyczy post\u0119powanie dyscyplinarne. <\/p>\n\n\n\n<p>W ramach prowadzonych spraw z zakresu prawa karnego wyst\u0119puj\u0119 jako obro\u0144ca oskar\u017conych, a tak\u017ce jako pe\u0142nomocnik pokrzywdzonych.<\/p>\n\n\n\n<p>Naszym priorytetem jest dostarczanie klientom us\u0142ug prawnych na najwy\u017cszym poziomie, opartych na solidnej wiedzy, do\u015bwiadczeniu oraz pe\u0142nym zaanga\u017cowaniu w prowadzone sprawy. <\/p>\n\n\n\n<p>Dbamy o transparentno\u015b\u0107 i jasn\u0105 komunikacj\u0119 z klientem na ka\u017cdym etapie wsp\u00f3\u0142pracy. Informujemy na bie\u017c\u0105co o post\u0119pach w sprawie oraz mo\u017cliwych kierunkach jej rozwoju. Naszym celem jest nie tylko skuteczna ochrona interes\u00f3w naszych klient\u00f3w, ale tak\u017ce budowanie trwa\u0142ych relacji opartych na zaufaniu i wzajemnym szacunku.<\/p>\n\n\n\n<p>Zapraszamy do kontaktu w celu um\u00f3wienia si\u0119 na konsultacj\u0119 i om\u00f3wienia mo\u017cliwych rozwi\u0105za\u0144 prawnych dostosowanych do Pa\u0144stwa potrzeb.<\/p>\n\n\n\n<div class=\"wp-block-columns has-2-columns is-layout-flex wp-container-core-columns-is-layout-9d6595d7 wp-block-columns-is-layout-flex\">\n<div class=\"wp-block-column is-layout-flow wp-block-column-is-layout-flow\"><\/div>\n\n\n\n<div class=\"wp-block-column is-layout-flow wp-block-column-is-layout-flow\"><\/div>\n<\/div>\n","protected":false},"excerpt":{"rendered":"<p>Kancelaria Radcy Prawnego Dawid Wilczy\u0144ski to nowoczesna kancelaria oferuj\u0105ca szeroki zakres us\u0142ug prawnych zar\u00f3wno dla os\u00f3b prywatnych, jak i firm. Kancelaria specjalizuje si\u0119 w prawie cywilnym, karnym, rodzinnym, gospodarczym oraz w zakresie szeroko rozumianego&#8230;<\/p>\n","protected":false},"author":1,"featured_media":524,"parent":0,"menu_order":0,"comment_status":"closed","ping_status":"closed","template":"","meta":{"footnotes":""},"class_list":["post-15","page","type-page","status-publish","has-post-thumbnail","hentry"],"_links":{"self":[{"href":"https:\/\/kancelariawilczynski.pl\/index.php\/wp-json\/wp\/v2\/pages\/15","targetHints":{"allow":["GET"]}}],"collection":[{"href":"https:\/\/kancelariawilczynski.pl\/index.php\/wp-json\/wp\/v2\/pages"}],"about":[{"href":"https:\/\/kancelariawilczynski.pl\/index.php\/wp-json\/wp\/v2\/types\/page"}],"author":[{"embeddable":true,"href":"https:\/\/kancelariawilczynski.pl\/index.php\/wp-json\/wp\/v2\/users\/1"}],"replies":[{"embeddable":true,"href":"https:\/\/kancelariawilczynski.pl\/index.php\/wp-json\/wp\/v2\/comments?post=15"}],"version-history":[{"count":3,"href":"https:\/\/kancelariawilczynski.pl\/index.php\/wp-json\/wp\/v2\/pages\/15\/revisions"}],"predecessor-version":[{"id":534,"href":"https:\/\/kancelariawilczynski.pl\/index.php\/wp-json\/wp\/v2\/pages\/15\/revisions\/534"}],"wp:featuredmedia":[{"embeddable":true,"href":"https:\/\/kancelariawilczynski.pl\/index.php\/wp-json\/wp\/v2\/media\/524"}],"wp:attachment":[{"href":"https:\/\/kancelariawilczynski.pl\/index.php\/wp-json\/wp\/v2\/media?parent=15"}],"curies":[{"name":"wp","href":"https:\/\/api.w.org\/{rel}","templated":true}]}}